{"id":117,"date":"2012-04-16T11:14:27","date_gmt":"2012-04-16T11:14:27","guid":{"rendered":"http:\/\/framtidenskarriar.se\/ingenjor\/?page_id=117"},"modified":"2012-04-16T11:14:27","modified_gmt":"2012-04-16T11:14:27","slug":"om-oss","status":"publish","type":"page","link":"https:\/\/framtidenskarriar.se\/ingenjor\/om-oss\/","title":{"rendered":"Om oss"},"content":{"rendered":"<p>Framtidens Karri\u00e4r belyser framtidsfr\u00e5gorna f\u00f6r civilingenj\u00f6rer, it-\/dataingenj\u00f6rer och systemvetares yrkesliv samt utvecklingsm\u00f6jligheter inom b\u00e5de n\u00e4ringslivet och offentlig sektor. V\u00e5r m\u00e5lgrupp \u00e4r fr\u00e4mst yrkesverksamma civilingenj\u00f6rer, it-\/dataingenj\u00f6rer och systemvetare. Framtidens Karri\u00e4r \u2013 Ingenj\u00f6r och\u00a0Framtidens Karri\u00e4r &#8211; It &amp; Data publiceras b\u00e5de som magasin och som webbtidning p\u00e5\u00a0<a href=\"http:\/\/www.framtidenskarriar.se\/ingenjor\/\">www.framtidenskarriar.se\/ingenjor<\/a>.<\/p>\n<p>Framtidens Karri\u00e4r produceras av NextMedia, som sedan m\u00e5nga \u00e5r \u00e4r specialiserad p\u00e5 aff\u00e4rsinriktade bransch- och karri\u00e4rtidningar.<\/p>\n<p>F\u00f6r mer information, kontakta Niklas Engman,\u00a0<br \/>\nvar username = &#8217;niklas.engman&#8217;;<br \/>\nvar hostname = &#8217;nextmedia.se&#8217;;<br \/>\nvar linktext = username + &#8217;@&#8217; + hostname ;<br \/>\ndocument.write(&#8217;<a>&#8217; + linktext + &#8217;<\/a>&#8217;);<em>Email address protected by JavaScript. Please enable JavaScript to contact me.<\/em><\/a>.<\/p>\n<p><strong><span style=\"color: #000000\">Uppho<\/span>vsr\u00e4tt<\/strong><br \/>\nAllt material p\u00e5 <a href=\"http:\/\/www.ingenjorskarriar.se\/\">www.framtidenskarriar.se\/ingenjor<\/a> och i tidningarna Framtidens Karri\u00e4r skyddas av upphovsr\u00e4ttslagen. F\u00f6r att publicera material fr\u00e5n <a href=\"http:\/\/www.framtidenskarriar.se\/ingenjor\/\">www.framtidenskarriar.se\/ingenjor<\/a>\u00a0eller fr\u00e5n Framtidens Karri\u00e4r kr\u00e4vs\u00a0tillst\u00e5nd fr\u00e5n NextMedia.<\/p>\n<p>Citera oss g\u00e4rna, men ange d\u00e5 k\u00e4llan.\u00a0L\u00e4nka\u00a0g\u00e4rna till v\u00e5ra artiklar.<\/p>\n","protected":false},"excerpt":{"rendered":"<p>Framtidens Karri\u00e4r belyser framtidsfr\u00e5gorna f\u00f6r civilingenj\u00f6rer, it-\/dataingenj\u00f6rer och systemvetares yrkesliv samt utvecklingsm\u00f6jligheter inom b\u00e5de n\u00e4ringslivet&#8230;<\/p>\n","protected":false},"author":3,"featured_media":0,"parent":0,"menu_order":0,"comment_status":"closed","ping_status":"open","template":"","meta":{"_acf_changed":false,"_monsterinsights_skip_tracking":false,"_monsterinsights_sitenote_active":false,"_monsterinsights_sitenote_note":"","_monsterinsights_sitenote_category":0,"footnotes":""},"class_list":["post-117","page","type-page","status-publish","hentry"],"acf":[],"yoast_head":"<!-- This site is optimized with the Yoast SEO plugin v27.3 - https:\/\/yoast.com\/product\/yoast-seo-wordpress\/ -->\n<title>Om oss - Framtidens Karri\u00e4r - Ingenj\u00f6r<\/title>\n<meta name=\"robots\" content=\"index, follow, max-snippet:-1, max-image-preview:large, max-video-preview:-1\" \/>\n<link rel=\"canonical\" href=\"https:\/\/framtidenskarriar.se\/ingenjor\/om-oss\/\" \/>\n<meta property=\"og:locale\" content=\"sv_SE\" \/>\n<meta property=\"og:type\" content=\"article\" \/>\n<meta property=\"og:title\" content=\"Om oss - Framtidens Karri\u00e4r - Ingenj\u00f6r\" \/>\n<meta property=\"og:description\" content=\"Framtidens Karri\u00e4r belyser framtidsfr\u00e5gorna f\u00f6r civilingenj\u00f6rer, it-\/dataingenj\u00f6rer och systemvetares yrkesliv samt utvecklingsm\u00f6jligheter inom b\u00e5de n\u00e4ringslivet...\" \/>\n<meta property=\"og:url\" content=\"https:\/\/framtidenskarriar.se\/ingenjor\/om-oss\/\" \/>\n<meta property=\"og:site_name\" content=\"Framtidens Karri\u00e4r - Ingenj\u00f6r\" \/>\n<meta property=\"og:image\" content=\"https:\/\/framtidenskarriar.se\/ingenjor\/wp-content\/uploads\/sites\/14\/2025\/11\/karriar-framsidor-2025-ing-1.png\" \/>\n\t<meta property=\"og:image:width\" content=\"657\" \/>\n\t<meta property=\"og:image:height\" content=\"657\" \/>\n\t<meta property=\"og:image:type\" content=\"image\/png\" \/>\n<meta name=\"twitter:card\" content=\"summary_large_image\" \/>\n<meta name=\"twitter:label1\" content=\"Ber\u00e4knad l\u00e4stid\" \/>\n\t<meta name=\"twitter:data1\" content=\"1 minut\" \/>\n<script type=\"application\/ld+json\" class=\"yoast-schema-graph\">{\"@context\":\"https:\\\/\\\/schema.org\",\"@graph\":[{\"@type\":\"WebPage\",\"@id\":\"https:\\\/\\\/framtidenskarriar.se\\\/ingenjor\\\/om-oss\\\/\",\"url\":\"https:\\\/\\\/framtidenskarriar.se\\\/ingenjor\\\/om-oss\\\/\",\"name\":\"Om oss - Framtidens Karri\u00e4r - Ingenj\u00f6r\",\"isPartOf\":{\"@id\":\"https:\\\/\\\/framtidenskarriar.se\\\/ingenjor\\\/#website\"},\"datePublished\":\"2012-04-16T11:14:27+00:00\",\"breadcrumb\":{\"@id\":\"https:\\\/\\\/framtidenskarriar.se\\\/ingenjor\\\/om-oss\\\/#breadcrumb\"},\"inLanguage\":\"sv-SE\",\"potentialAction\":[{\"@type\":\"ReadAction\",\"target\":[\"https:\\\/\\\/framtidenskarriar.se\\\/ingenjor\\\/om-oss\\\/\"]}]},{\"@type\":\"BreadcrumbList\",\"@id\":\"https:\\\/\\\/framtidenskarriar.se\\\/ingenjor\\\/om-oss\\\/#breadcrumb\",\"itemListElement\":[{\"@type\":\"ListItem\",\"position\":1,\"name\":\"Home\",\"item\":\"https:\\\/\\\/framtidenskarriar.se\\\/ingenjor\\\/\"},{\"@type\":\"ListItem\",\"position\":2,\"name\":\"Om oss\"}]},{\"@type\":\"WebSite\",\"@id\":\"https:\\\/\\\/framtidenskarriar.se\\\/ingenjor\\\/#website\",\"url\":\"https:\\\/\\\/framtidenskarriar.se\\\/ingenjor\\\/\",\"name\":\"Framtidens Karri\u00e4r - Ingenj\u00f6r\",\"description\":\"Just another NMDashboard.se Sites site\",\"potentialAction\":[{\"@type\":\"SearchAction\",\"target\":{\"@type\":\"EntryPoint\",\"urlTemplate\":\"https:\\\/\\\/framtidenskarriar.se\\\/ingenjor\\\/?s={search_term_string}\"},\"query-input\":{\"@type\":\"PropertyValueSpecification\",\"valueRequired\":true,\"valueName\":\"search_term_string\"}}],\"inLanguage\":\"sv-SE\"}]}<\/script>\n<!-- \/ Yoast SEO plugin. -->","yoast_head_json":{"title":"Om oss - Framtidens Karri\u00e4r - Ingenj\u00f6r","robots":{"index":"index","follow":"follow","max-snippet":"max-snippet:-1","max-image-preview":"max-image-preview:large","max-video-preview":"max-video-preview:-1"},"canonical":"https:\/\/framtidenskarriar.se\/ingenjor\/om-oss\/","og_locale":"sv_SE","og_type":"article","og_title":"Om oss - Framtidens Karri\u00e4r - Ingenj\u00f6r","og_description":"Framtidens Karri\u00e4r belyser framtidsfr\u00e5gorna f\u00f6r civilingenj\u00f6rer, it-\/dataingenj\u00f6rer och systemvetares yrkesliv samt utvecklingsm\u00f6jligheter inom b\u00e5de n\u00e4ringslivet...","og_url":"https:\/\/framtidenskarriar.se\/ingenjor\/om-oss\/","og_site_name":"Framtidens Karri\u00e4r - Ingenj\u00f6r","og_image":[{"width":657,"height":657,"url":"https:\/\/framtidenskarriar.se\/ingenjor\/wp-content\/uploads\/sites\/14\/2025\/11\/karriar-framsidor-2025-ing-1.png","type":"image\/png"}],"twitter_card":"summary_large_image","twitter_misc":{"Ber\u00e4knad l\u00e4stid":"1 minut"},"schema":{"@context":"https:\/\/schema.org","@graph":[{"@type":"WebPage","@id":"https:\/\/framtidenskarriar.se\/ingenjor\/om-oss\/","url":"https:\/\/framtidenskarriar.se\/ingenjor\/om-oss\/","name":"Om oss - Framtidens Karri\u00e4r - Ingenj\u00f6r","isPartOf":{"@id":"https:\/\/framtidenskarriar.se\/ingenjor\/#website"},"datePublished":"2012-04-16T11:14:27+00:00","breadcrumb":{"@id":"https:\/\/framtidenskarriar.se\/ingenjor\/om-oss\/#breadcrumb"},"inLanguage":"sv-SE","potentialAction":[{"@type":"ReadAction","target":["https:\/\/framtidenskarriar.se\/ingenjor\/om-oss\/"]}]},{"@type":"BreadcrumbList","@id":"https:\/\/framtidenskarriar.se\/ingenjor\/om-oss\/#breadcrumb","itemListElement":[{"@type":"ListItem","position":1,"name":"Home","item":"https:\/\/framtidenskarriar.se\/ingenjor\/"},{"@type":"ListItem","position":2,"name":"Om oss"}]},{"@type":"WebSite","@id":"https:\/\/framtidenskarriar.se\/ingenjor\/#website","url":"https:\/\/framtidenskarriar.se\/ingenjor\/","name":"Framtidens Karri\u00e4r - Ingenj\u00f6r","description":"Just another NMDashboard.se Sites site","potentialAction":[{"@type":"SearchAction","target":{"@type":"EntryPoint","urlTemplate":"https:\/\/framtidenskarriar.se\/ingenjor\/?s={search_term_string}"},"query-input":{"@type":"PropertyValueSpecification","valueRequired":true,"valueName":"search_term_string"}}],"inLanguage":"sv-SE"}]}},"_links":{"self":[{"href":"https:\/\/framtidenskarriar.se\/ingenjor\/wp-json\/wp\/v2\/pages\/117","targetHints":{"allow":["GET"]}}],"collection":[{"href":"https:\/\/framtidenskarriar.se\/ingenjor\/wp-json\/wp\/v2\/pages"}],"about":[{"href":"https:\/\/framtidenskarriar.se\/ingenjor\/wp-json\/wp\/v2\/types\/page"}],"author":[{"embeddable":true,"href":"https:\/\/framtidenskarriar.se\/ingenjor\/wp-json\/wp\/v2\/users\/3"}],"replies":[{"embeddable":true,"href":"https:\/\/framtidenskarriar.se\/ingenjor\/wp-json\/wp\/v2\/comments?post=117"}],"version-history":[{"count":0,"href":"https:\/\/framtidenskarriar.se\/ingenjor\/wp-json\/wp\/v2\/pages\/117\/revisions"}],"wp:attachment":[{"href":"https:\/\/framtidenskarriar.se\/ingenjor\/wp-json\/wp\/v2\/media?parent=117"}],"curies":[{"name":"wp","href":"https:\/\/api.w.org\/{rel}","templated":true}]}}