{"id":1646,"date":"2012-08-31T15:42:04","date_gmt":"2012-08-31T13:42:04","guid":{"rendered":"http:\/\/framtidenskarriar.se\/ingenjor\/?page_id=1646"},"modified":"2012-08-31T15:42:04","modified_gmt":"2012-08-31T13:42:04","slug":"senaste-ingenjorsjobben","status":"publish","type":"page","link":"https:\/\/framtidenskarriar.se\/ingenjor\/senaste-ingenjorsjobben\/","title":{"rendered":"Senaste ingenj\u00f6rsjobben"},"content":{"rendered":"","protected":false},"excerpt":{"rendered":"","protected":false},"author":3,"featured_media":0,"parent":0,"menu_order":0,"comment_status":"closed","ping_status":"open","template":"","meta":{"_acf_changed":false,"_monsterinsights_skip_tracking":false,"_monsterinsights_sitenote_active":false,"_monsterinsights_sitenote_note":"","_monsterinsights_sitenote_category":0,"footnotes":""},"class_list":["post-1646","page","type-page","status-publish","hentry"],"acf":[],"yoast_head":"<!-- This site is optimized with the Yoast SEO plugin v27.3 - https:\/\/yoast.com\/product\/yoast-seo-wordpress\/ -->\n<title>Senaste ingenj\u00f6rsjobben - Framtidens Karri\u00e4r - Ingenj\u00f6r<\/title>\n<meta name=\"robots\" content=\"index, follow, max-snippet:-1, max-image-preview:large, max-video-preview:-1\" \/>\n<link rel=\"canonical\" href=\"https:\/\/framtidenskarriar.se\/ingenjor\/senaste-ingenjorsjobben\/\" \/>\n<meta property=\"og:locale\" content=\"sv_SE\" \/>\n<meta property=\"og:type\" content=\"article\" \/>\n<meta property=\"og:title\" content=\"Senaste ingenj\u00f6rsjobben - Framtidens Karri\u00e4r - Ingenj\u00f6r\" \/>\n<meta property=\"og:url\" content=\"https:\/\/framtidenskarriar.se\/ingenjor\/senaste-ingenjorsjobben\/\" \/>\n<meta property=\"og:site_name\" content=\"Framtidens Karri\u00e4r - Ingenj\u00f6r\" \/>\n<meta property=\"og:image\" content=\"https:\/\/framtidenskarriar.se\/ingenjor\/wp-content\/uploads\/sites\/14\/2025\/11\/karriar-framsidor-2025-ing-1.png\" \/>\n\t<meta property=\"og:image:width\" content=\"657\" \/>\n\t<meta property=\"og:image:height\" content=\"657\" \/>\n\t<meta property=\"og:image:type\" content=\"image\/png\" \/>\n<meta name=\"twitter:card\" content=\"summary_large_image\" \/>\n<script type=\"application\/ld+json\" class=\"yoast-schema-graph\">{\"@context\":\"https:\\\/\\\/schema.org\",\"@graph\":[{\"@type\":\"WebPage\",\"@id\":\"https:\\\/\\\/framtidenskarriar.se\\\/ingenjor\\\/senaste-ingenjorsjobben\\\/\",\"url\":\"https:\\\/\\\/framtidenskarriar.se\\\/ingenjor\\\/senaste-ingenjorsjobben\\\/\",\"name\":\"Senaste ingenj\u00f6rsjobben - Framtidens Karri\u00e4r - Ingenj\u00f6r\",\"isPartOf\":{\"@id\":\"https:\\\/\\\/framtidenskarriar.se\\\/ingenjor\\\/#website\"},\"datePublished\":\"2012-08-31T13:42:04+00:00\",\"breadcrumb\":{\"@id\":\"https:\\\/\\\/framtidenskarriar.se\\\/ingenjor\\\/senaste-ingenjorsjobben\\\/#breadcrumb\"},\"inLanguage\":\"sv-SE\",\"potentialAction\":[{\"@type\":\"ReadAction\",\"target\":[\"https:\\\/\\\/framtidenskarriar.se\\\/ingenjor\\\/senaste-ingenjorsjobben\\\/\"]}]},{\"@type\":\"BreadcrumbList\",\"@id\":\"https:\\\/\\\/framtidenskarriar.se\\\/ingenjor\\\/senaste-ingenjorsjobben\\\/#breadcrumb\",\"itemListElement\":[{\"@type\":\"ListItem\",\"position\":1,\"name\":\"Home\",\"item\":\"https:\\\/\\\/framtidenskarriar.se\\\/ingenjor\\\/\"},{\"@type\":\"ListItem\",\"position\":2,\"name\":\"Senaste ingenj\u00f6rsjobben\"}]},{\"@type\":\"WebSite\",\"@id\":\"https:\\\/\\\/framtidenskarriar.se\\\/ingenjor\\\/#website\",\"url\":\"https:\\\/\\\/framtidenskarriar.se\\\/ingenjor\\\/\",\"name\":\"Framtidens Karri\u00e4r - Ingenj\u00f6r\",\"description\":\"Just another NMDashboard.se Sites site\",\"potentialAction\":[{\"@type\":\"SearchAction\",\"target\":{\"@type\":\"EntryPoint\",\"urlTemplate\":\"https:\\\/\\\/framtidenskarriar.se\\\/ingenjor\\\/?s={search_term_string}\"},\"query-input\":{\"@type\":\"PropertyValueSpecification\",\"valueRequired\":true,\"valueName\":\"search_term_string\"}}],\"inLanguage\":\"sv-SE\"}]}<\/script>\n<!-- \/ Yoast SEO plugin. -->","yoast_head_json":{"title":"Senaste ingenj\u00f6rsjobben - Framtidens Karri\u00e4r - Ingenj\u00f6r","robots":{"index":"index","follow":"follow","max-snippet":"max-snippet:-1","max-image-preview":"max-image-preview:large","max-video-preview":"max-video-preview:-1"},"canonical":"https:\/\/framtidenskarriar.se\/ingenjor\/senaste-ingenjorsjobben\/","og_locale":"sv_SE","og_type":"article","og_title":"Senaste ingenj\u00f6rsjobben - Framtidens Karri\u00e4r - Ingenj\u00f6r","og_url":"https:\/\/framtidenskarriar.se\/ingenjor\/senaste-ingenjorsjobben\/","og_site_name":"Framtidens Karri\u00e4r - Ingenj\u00f6r","og_image":[{"width":657,"height":657,"url":"https:\/\/framtidenskarriar.se\/ingenjor\/wp-content\/uploads\/sites\/14\/2025\/11\/karriar-framsidor-2025-ing-1.png","type":"image\/png"}],"twitter_card":"summary_large_image","schema":{"@context":"https:\/\/schema.org","@graph":[{"@type":"WebPage","@id":"https:\/\/framtidenskarriar.se\/ingenjor\/senaste-ingenjorsjobben\/","url":"https:\/\/framtidenskarriar.se\/ingenjor\/senaste-ingenjorsjobben\/","name":"Senaste ingenj\u00f6rsjobben - Framtidens Karri\u00e4r - Ingenj\u00f6r","isPartOf":{"@id":"https:\/\/framtidenskarriar.se\/ingenjor\/#website"},"datePublished":"2012-08-31T13:42:04+00:00","breadcrumb":{"@id":"https:\/\/framtidenskarriar.se\/ingenjor\/senaste-ingenjorsjobben\/#breadcrumb"},"inLanguage":"sv-SE","potentialAction":[{"@type":"ReadAction","target":["https:\/\/framtidenskarriar.se\/ingenjor\/senaste-ingenjorsjobben\/"]}]},{"@type":"BreadcrumbList","@id":"https:\/\/framtidenskarriar.se\/ingenjor\/senaste-ingenjorsjobben\/#breadcrumb","itemListElement":[{"@type":"ListItem","position":1,"name":"Home","item":"https:\/\/framtidenskarriar.se\/ingenjor\/"},{"@type":"ListItem","position":2,"name":"Senaste ingenj\u00f6rsjobben"}]},{"@type":"WebSite","@id":"https:\/\/framtidenskarriar.se\/ingenjor\/#website","url":"https:\/\/framtidenskarriar.se\/ingenjor\/","name":"Framtidens Karri\u00e4r - Ingenj\u00f6r","description":"Just another NMDashboard.se Sites site","potentialAction":[{"@type":"SearchAction","target":{"@type":"EntryPoint","urlTemplate":"https:\/\/framtidenskarriar.se\/ingenjor\/?s={search_term_string}"},"query-input":{"@type":"PropertyValueSpecification","valueRequired":true,"valueName":"search_term_string"}}],"inLanguage":"sv-SE"}]}},"_links":{"self":[{"href":"https:\/\/framtidenskarriar.se\/ingenjor\/wp-json\/wp\/v2\/pages\/1646","targetHints":{"allow":["GET"]}}],"collection":[{"href":"https:\/\/framtidenskarriar.se\/ingenjor\/wp-json\/wp\/v2\/pages"}],"about":[{"href":"https:\/\/framtidenskarriar.se\/ingenjor\/wp-json\/wp\/v2\/types\/page"}],"author":[{"embeddable":true,"href":"https:\/\/framtidenskarriar.se\/ingenjor\/wp-json\/wp\/v2\/users\/3"}],"replies":[{"embeddable":true,"href":"https:\/\/framtidenskarriar.se\/ingenjor\/wp-json\/wp\/v2\/comments?post=1646"}],"version-history":[{"count":0,"href":"https:\/\/framtidenskarriar.se\/ingenjor\/wp-json\/wp\/v2\/pages\/1646\/revisions"}],"wp:attachment":[{"href":"https:\/\/framtidenskarriar.se\/ingenjor\/wp-json\/wp\/v2\/media?parent=1646"}],"curies":[{"name":"wp","href":"https:\/\/api.w.org\/{rel}","templated":true}]}}