{"id":133,"date":"2012-04-16T17:01:47","date_gmt":"2012-04-16T17:01:47","guid":{"rendered":"http:\/\/framtidenskarriar.se\/itdata\/?page_id=133"},"modified":"2026-02-18T13:21:30","modified_gmt":"2026-02-18T13:21:30","slug":"ladda-ner-tidningen-som-pdf","status":"publish","type":"page","link":"https:\/\/framtidenskarriar.se\/itdata\/ladda-ner-tidningen-som-pdf\/","title":{"rendered":"Ladda ner tidningen som PDF"},"content":{"rendered":"<p><a href=\"https:\/\/framtidenskarriar.se\/itdata\/wp-content\/uploads\/sites\/13\/2026\/02\/framtidens-karriar-itdata-2026-36s.pdf\" rel=\"attachment wp-att-5145\"><img loading=\"lazy\" decoding=\"async\" class=\"alignright size-medium wp-image-5145\" src=\"https:\/\/framtidenskarriar.se\/itdata\/wp-content\/uploads\/sites\/13\/2026\/02\/karriar-framsidor-2026.png\" alt=\"Framsidor Framtidens Karri\u00e4r\" width=\"250\" height=\"283\" \/><\/a>H\u00e4r kan ni ladda ner v\u00e5ra tidningar som en PDF-fil. Klicka p\u00e5 l\u00e4nkarna nedan.<\/p>\n<p><img loading=\"lazy\" decoding=\"async\" title=\"icon-pdf\" src=\"https:\/\/framtidenskarriar.se\/itdata\/wp-content\/uploads\/sites\/13\/2012\/04\/icon-pdf.png\" alt=\"\" width=\"16\" height=\"16\" \/>\u00a0<a title=\"Framtidens Karri\u00e4r - It &amp; Data 2026\" href=\"https:\/\/framtidenskarriar.se\/itdata\/wp-content\/uploads\/sites\/13\/2026\/02\/framtidens-karriar-itdata-2026-36s.pdf\" target=\"_blank\" rel=\"noopener noreferrer\">Framtidens Karri\u00e4r &#8211; It &amp; Data\u00a02026<\/a><br \/>\n<img loading=\"lazy\" decoding=\"async\" title=\"icon-pdf\" src=\"https:\/\/framtidenskarriar.se\/itdata\/wp-content\/uploads\/sites\/13\/2012\/04\/icon-pdf.png\" alt=\"\" width=\"16\" height=\"16\" \/>\u00a0<a title=\"Framtidens Karri\u00e4r - Ingenj\u00f6r: F\u00f6rsvarssektorn 2025\" href=\"https:\/\/framtidenskarriar.se\/ingenjor\/wp-content\/uploads\/sites\/14\/2025\/11\/framtidens-karriar-ing-forsvar-2025-40s.pdf\" target=\"_blank\" rel=\"noopener noreferrer\">Framtidens Karri\u00e4r &#8211; Ingenj\u00f6r: F\u00f6rsvarssektorn\u00a02025<\/a><\/p>\n<h3>Tidigare nummer<\/h3>\n<p><img loading=\"lazy\" decoding=\"async\" title=\"icon-pdf\" src=\"https:\/\/framtidenskarriar.se\/itdata\/wp-content\/uploads\/sites\/13\/2012\/04\/icon-pdf.png\" alt=\"\" width=\"16\" height=\"16\" \/>\u00a0<a title=\"Framtidens Karri\u00e4r - It &amp; Data 2025\" href=\"https:\/\/framtidenskarriar.se\/itdata\/wp-content\/uploads\/sites\/13\/2025\/02\/framtidens-karriar-itdata-se-2025-36s.pdf\" target=\"_blank\" rel=\"noopener noreferrer\">Framtidens Karri\u00e4r &#8211; It &amp; Data\u00a02025<\/a><br \/>\n<img loading=\"lazy\" decoding=\"async\" title=\"icon-pdf\" src=\"https:\/\/framtidenskarriar.se\/itdata\/wp-content\/uploads\/sites\/13\/2012\/04\/icon-pdf.png\" alt=\"\" width=\"16\" height=\"16\" \/>\u00a0<a title=\"Framtidens Karri\u00e4r - It &amp; Data 2024\" href=\"https:\/\/framtidenskarriar.se\/itdata\/wp-content\/uploads\/sites\/13\/2024\/02\/framtidens-karriar-itdata-2024-40s.pdf\" target=\"_blank\" rel=\"noopener noreferrer\">Framtidens Karri\u00e4r &#8211; It &amp; Data\u00a02024<\/a><br \/>\n<img loading=\"lazy\" decoding=\"async\" title=\"icon-pdf\" src=\"https:\/\/framtidenskarriar.se\/itdata\/wp-content\/uploads\/sites\/13\/2012\/04\/icon-pdf.png\" alt=\"\" width=\"16\" height=\"16\" \/>\u00a0<a title=\"Framtidens Karri\u00e4r - It &amp; Data 2023\" href=\"https:\/\/framtidenskarriar.se\/itdata\/wp-content\/uploads\/sites\/13\/2023\/02\/framtidens-karriar-itdata-se-2023-40s.pdf\" target=\"_blank\" rel=\"noopener noreferrer\">Framtidens Karri\u00e4r &#8211; It &amp; Data\u00a02023<\/a><br \/>\n<img loading=\"lazy\" decoding=\"async\" title=\"icon-pdf\" src=\"https:\/\/framtidenskarriar.se\/itdata\/wp-content\/uploads\/sites\/13\/2012\/04\/icon-pdf.png\" alt=\"\" width=\"16\" height=\"16\" \/>\u00a0<a title=\"Framtidens Karri\u00e4r - It &amp; Data 2022\" href=\"https:\/\/framtidenskarriar.se\/itdata\/wp-content\/uploads\/sites\/13\/2022\/02\/framtidens-karriar-itdata-2022.pdf\" target=\"_blank\" rel=\"noopener noreferrer\">Framtidens Karri\u00e4r &#8211; It &amp; Data\u00a02022<\/a><br \/>\n<img loading=\"lazy\" decoding=\"async\" title=\"icon-pdf\" src=\"https:\/\/framtidenskarriar.se\/itdata\/wp-content\/uploads\/sites\/13\/2012\/04\/icon-pdf.png\" alt=\"\" width=\"16\" height=\"16\" \/>\u00a0<a title=\"Framtidens Karri\u00e4r - It &amp; Data 2021\" href=\"https:\/\/framtidenskarriar.se\/itdata\/wp-content\/uploads\/sites\/13\/2021\/03\/framtidens-karriar-itdata-se-2021-32s.pdf\" target=\"_blank\" rel=\"noopener noreferrer\">Framtidens Karri\u00e4r &#8211; It &amp; Data\u00a02021<\/a><br \/>\n<img loading=\"lazy\" decoding=\"async\" title=\"icon-pdf\" src=\"https:\/\/framtidenskarriar.se\/itdata\/wp-content\/uploads\/sites\/13\/2012\/04\/icon-pdf.png\" alt=\"\" width=\"16\" height=\"16\" \/>\u00a0<a title=\"Framtidens Karri\u00e4r - It &amp; Data 2020\" href=\"https:\/\/framtidenskarriar.se\/itdata\/wp-content\/uploads\/sites\/13\/2020\/03\/framtidens-karriar-itdata-se-20-28s.pdf\" target=\"_blank\" rel=\"noopener noreferrer\">Framtidens Karri\u00e4r &#8211; It &amp; Data\u00a02020<\/a><br \/>\n<img loading=\"lazy\" decoding=\"async\" title=\"icon-pdf\" src=\"https:\/\/framtidenskarriar.se\/itdata\/wp-content\/uploads\/sites\/13\/2012\/04\/icon-pdf.png\" alt=\"\" width=\"16\" height=\"16\" \/>\u00a0<a title=\"Framtidens Karri\u00e4r - It &amp; Data 2019\" href=\"https:\/\/framtidenskarriar.se\/itdata\/wp-content\/uploads\/sites\/13\/2019\/02\/framtidens-karriar-itdata-2019-24s.pdf\" target=\"_blank\" rel=\"noopener noreferrer\">Framtidens Karri\u00e4r &#8211; It &amp; Data\u00a02019<\/a><br \/>\n<img loading=\"lazy\" decoding=\"async\" title=\"icon-pdf\" src=\"https:\/\/framtidenskarriar.se\/itdata\/wp-content\/uploads\/sites\/13\/2012\/04\/icon-pdf.png\" alt=\"\" width=\"16\" height=\"16\" \/>\u00a0<a title=\"Framtidens Karri\u00e4r - It &amp; Data 2018\" href=\"https:\/\/framtidenskarriar.se\/itdata\/wp-content\/uploads\/sites\/13\/2018\/02\/framtidens-karriar-itdata-se-18-24s.pdf\" target=\"_blank\" rel=\"noopener noreferrer\">Framtidens Karri\u00e4r &#8211; It &amp; Data\u00a02018<\/a><br \/>\n<img loading=\"lazy\" decoding=\"async\" title=\"icon-pdf\" src=\"https:\/\/framtidenskarriar.se\/itdata\/wp-content\/uploads\/sites\/13\/2012\/04\/icon-pdf.png\" alt=\"\" width=\"16\" height=\"16\" \/>\u00a0<a title=\"Framtidens Karri\u00e4r - It &amp; Data 2017\" href=\"https:\/\/framtidenskarriar.se\/itdata\/wp-content\/uploads\/sites\/13\/2017\/02\/karriar-itdata-se-2017-28s.pdf\" target=\"_blank\" rel=\"noopener noreferrer\">Framtidens Karri\u00e4r &#8211; It &amp; Data\u00a02017<\/a><br \/>\n<img loading=\"lazy\" decoding=\"async\" title=\"icon-pdf\" src=\"https:\/\/framtidenskarriar.se\/itdata\/wp-content\/uploads\/sites\/13\/2012\/04\/icon-pdf.png\" alt=\"\" width=\"16\" height=\"16\" \/>\u00a0<a title=\"Framtidens Karri\u00e4r - It &amp; Data 2016\" href=\"https:\/\/framtidenskarriar.se\/itdata\/wp-content\/uploads\/sites\/13\/2016\/02\/karriar-itdata-se-2016-28s.pdf\" target=\"_blank\" rel=\"noopener noreferrer\">Framtidens Karri\u00e4r &#8211; It &amp; Data\u00a02016<\/a><br \/>\n<img loading=\"lazy\" decoding=\"async\" title=\"icon-pdf\" src=\"https:\/\/framtidenskarriar.se\/itdata\/wp-content\/uploads\/sites\/13\/2012\/04\/icon-pdf.png\" alt=\"\" width=\"16\" height=\"16\" \/>\u00a0<a title=\"Framtidens Karri\u00e4r - It &amp; Data 2015\" href=\"https:\/\/framtidenskarriar.se\/itdata\/wp-content\/uploads\/sites\/13\/2015\/03\/framtidens-karriar-itdata-se-28s-lo.pdf\" target=\"_blank\" rel=\"noopener noreferrer\">Framtidens Karri\u00e4r &#8211; It &amp; Data 2015<\/a><br \/>\n<img loading=\"lazy\" decoding=\"async\" title=\"icon-pdf\" src=\"https:\/\/framtidenskarriar.se\/itdata\/wp-content\/uploads\/sites\/13\/2012\/04\/icon-pdf.png\" alt=\"\" width=\"16\" height=\"16\" \/>\u00a0<a title=\"Framtidens Karri\u00e4r - It &amp; Data 2014\" href=\"https:\/\/framtidenskarriar.se\/itdata\/wp-content\/uploads\/sites\/13\/2014\/08\/karriar-itdata-se-32s-lores.pdf\" target=\"_blank\" rel=\"noopener noreferrer\">Framtidens Karri\u00e4r &#8211; It &amp; Data 2014<\/a><br \/>\n<img loading=\"lazy\" decoding=\"async\" title=\"icon-pdf\" src=\"https:\/\/framtidenskarriar.se\/itdata\/wp-content\/uploads\/sites\/13\/2012\/04\/icon-pdf.png\" alt=\"\" width=\"16\" height=\"16\" \/>\u00a0<a title=\"Framtidens Karri\u00e4r - It &amp; Data\" href=\"https:\/\/framtidenskarriar.se\/itdata\/wp-content\/uploads\/sites\/13\/2013\/05\/framtidens-karriar-itdata-se-24s-lores.pdf\" target=\"_blank\" rel=\"noopener noreferrer\">Framtidens Karri\u00e4r &#8211; It &amp; Data 2013<\/a><\/p>\n<p><img loading=\"lazy\" decoding=\"async\" title=\"icon-pdf\" src=\"http:\/\/framtidenskarriar.se\/ingenjor\/wp-content\/uploads\/2012\/04\/icon-pdf.png\" alt=\"\" width=\"16\" height=\"16\" \/>\u00a0<a title=\"Framtidens Karri\u00e4r - Ingenj\u00f6r 2018\" href=\"http:\/\/framtidenskarriar.se\/ingenjor\/wp-content\/uploads\/2018\/08\/framtidens_karriar_ing_2018_36s.pdf\" target=\"_blank\" rel=\"noopener noreferrer\">Framtidens Karri\u00e4r &#8211; Ingenj\u00f6r\u00a02018<\/a><br \/>\n<img loading=\"lazy\" decoding=\"async\" title=\"icon-pdf\" src=\"http:\/\/framtidenskarriar.se\/ingenjor\/wp-content\/uploads\/2012\/04\/icon-pdf.png\" alt=\"\" width=\"16\" height=\"16\" \/>\u00a0<a title=\"Framtidens Karri\u00e4r - Ingenj\u00f6r 2017\" href=\"http:\/\/framtidenskarriar.se\/ingenjor\/wp-content\/uploads\/2017\/06\/framtidens_karriar_ing_se_40s.pdf\" target=\"_blank\" rel=\"noopener noreferrer\">Framtidens Karri\u00e4r &#8211; Ingenj\u00f6r\u00a02017<\/a><br \/>\n<img loading=\"lazy\" decoding=\"async\" title=\"icon-pdf\" src=\"http:\/\/framtidenskarriar.se\/ingenjor\/wp-content\/uploads\/2012\/04\/icon-pdf.png\" alt=\"\" width=\"16\" height=\"16\" \/>\u00a0<a title=\"Framtidens Karri\u00e4r - Ingenj\u00f6r 2016\" href=\"http:\/\/framtidenskarriar.se\/ingenjor\/wp-content\/uploads\/2016\/06\/framtidens_karriar_ing_se_32s.pdf\" target=\"_blank\" rel=\"noopener noreferrer\">Framtidens Karri\u00e4r &#8211; Ingenj\u00f6r\u00a02016<\/a><br \/>\n<img loading=\"lazy\" decoding=\"async\" title=\"icon-pdf\" src=\"https:\/\/framtidenskarriar.se\/itdata\/wp-content\/uploads\/sites\/13\/2012\/04\/icon-pdf.png\" alt=\"\" width=\"16\" height=\"16\" \/>\u00a0<a title=\"Framtidens Karri\u00e4r - Ingenj\u00f6r 2015\" href=\"https:\/\/framtidenskarriar.se\/itdata\/wp-content\/uploads\/sites\/13\/2015\/06\/karriar-ing-se-2015-36s-lores.pdf\" target=\"_blank\" rel=\"noopener noreferrer\">Framtidens Karri\u00e4r &#8211; Ingenj\u00f6r\u00a02015<\/a><br \/>\n<img loading=\"lazy\" decoding=\"async\" title=\"icon-pdf\" src=\"https:\/\/framtidenskarriar.se\/itdata\/wp-content\/uploads\/sites\/13\/2012\/04\/icon-pdf.png\" alt=\"\" width=\"16\" height=\"16\" \/>\u00a0<a title=\"Framtidens Karri\u00e4r - Ingenj\u00f6r 2014\" href=\"https:\/\/framtidenskarriar.se\/itdata\/wp-content\/uploads\/sites\/13\/2014\/05\/framtidens-karriar-ing-se-44s-lores.pdf\" target=\"_blank\" rel=\"noopener noreferrer\">Framtidens Karri\u00e4r &#8211; Ingenj\u00f6r\u00a02014<\/a><br \/>\n<img loading=\"lazy\" decoding=\"async\" title=\"icon-pdf\" src=\"https:\/\/framtidenskarriar.se\/itdata\/wp-content\/uploads\/sites\/13\/2012\/04\/icon-pdf.png\" alt=\"\" width=\"16\" height=\"16\" \/>\u00a0<a title=\"Framtidens Karri\u00e4r - Ingenj\u00f6r 2013\" href=\"https:\/\/framtidenskarriar.se\/itdata\/wp-content\/uploads\/sites\/13\/2013\/04\/framtidens-karriar-ing-se-40s-lo.pdf\" target=\"_blank\" rel=\"noopener noreferrer\">Framtidens Karri\u00e4r &#8211; Ingenj\u00f6r\u00a02013<\/a><\/p>\n","protected":false},"excerpt":{"rendered":"<p>H\u00e4r kan ni ladda ner v\u00e5ra tidningar som en PDF-fil. Klicka p\u00e5 l\u00e4nkarna nedan. \u00a0Framtidens&#8230;<\/p>\n","protected":false},"author":3,"featured_media":0,"parent":0,"menu_order":0,"comment_status":"closed","ping_status":"open","template":"","meta":{"_acf_changed":false,"_monsterinsights_skip_tracking":false,"_monsterinsights_sitenote_active":false,"_monsterinsights_sitenote_note":"","_monsterinsights_sitenote_category":0,"footnotes":""},"class_list":["post-133","page","type-page","status-publish","hentry"],"acf":[],"yoast_head":"<!-- This site is optimized with the Yoast SEO plugin v27.3 - https:\/\/yoast.com\/product\/yoast-seo-wordpress\/ -->\n<title>Ladda ner tidningen som PDF - Framtidens karri\u00e4r IT &amp; Data<\/title>\n<meta name=\"robots\" content=\"index, follow, max-snippet:-1, max-image-preview:large, max-video-preview:-1\" \/>\n<link rel=\"canonical\" href=\"https:\/\/framtidenskarriar.se\/itdata\/ladda-ner-tidningen-som-pdf\/\" \/>\n<meta property=\"og:locale\" content=\"sv_SE\" \/>\n<meta property=\"og:type\" content=\"article\" \/>\n<meta property=\"og:title\" content=\"Ladda ner tidningen som PDF - Framtidens karri\u00e4r IT &amp; Data\" \/>\n<meta property=\"og:description\" content=\"H\u00e4r kan ni ladda ner v\u00e5ra tidningar som en PDF-fil. Klicka p\u00e5 l\u00e4nkarna nedan. \u00a0Framtidens...\" \/>\n<meta property=\"og:url\" content=\"https:\/\/framtidenskarriar.se\/itdata\/ladda-ner-tidningen-som-pdf\/\" \/>\n<meta property=\"og:site_name\" content=\"Framtidens karri\u00e4r IT &amp; Data\" \/>\n<meta property=\"article:modified_time\" content=\"2026-02-18T13:21:30+00:00\" \/>\n<meta property=\"og:image\" content=\"https:\/\/framtidenskarriar.se\/itdata\/wp-content\/uploads\/sites\/13\/2016\/02\/karriar-framsidor-23-02.png\" \/>\n\t<meta property=\"og:image:width\" content=\"620\" \/>\n\t<meta property=\"og:image:height\" content=\"703\" \/>\n\t<meta property=\"og:image:type\" content=\"image\/png\" \/>\n<meta name=\"twitter:card\" content=\"summary_large_image\" \/>\n<meta name=\"twitter:label1\" content=\"Ber\u00e4knad l\u00e4stid\" \/>\n\t<meta name=\"twitter:data1\" content=\"5 minuter\" \/>\n<script type=\"application\/ld+json\" class=\"yoast-schema-graph\">{\"@context\":\"https:\\\/\\\/schema.org\",\"@graph\":[{\"@type\":\"WebPage\",\"@id\":\"https:\\\/\\\/framtidenskarriar.se\\\/itdata\\\/ladda-ner-tidningen-som-pdf\\\/\",\"url\":\"https:\\\/\\\/framtidenskarriar.se\\\/itdata\\\/ladda-ner-tidningen-som-pdf\\\/\",\"name\":\"Ladda ner tidningen som PDF - Framtidens karri\u00e4r IT & Data\",\"isPartOf\":{\"@id\":\"https:\\\/\\\/framtidenskarriar.se\\\/itdata\\\/#website\"},\"primaryImageOfPage\":{\"@id\":\"https:\\\/\\\/framtidenskarriar.se\\\/itdata\\\/ladda-ner-tidningen-som-pdf\\\/#primaryimage\"},\"image\":{\"@id\":\"https:\\\/\\\/framtidenskarriar.se\\\/itdata\\\/ladda-ner-tidningen-som-pdf\\\/#primaryimage\"},\"thumbnailUrl\":\"https:\\\/\\\/framtidenskarriar.se\\\/itdata\\\/wp-content\\\/uploads\\\/sites\\\/13\\\/2026\\\/02\\\/karriar-framsidor-2026.png\",\"datePublished\":\"2012-04-16T17:01:47+00:00\",\"dateModified\":\"2026-02-18T13:21:30+00:00\",\"breadcrumb\":{\"@id\":\"https:\\\/\\\/framtidenskarriar.se\\\/itdata\\\/ladda-ner-tidningen-som-pdf\\\/#breadcrumb\"},\"inLanguage\":\"sv-SE\",\"potentialAction\":[{\"@type\":\"ReadAction\",\"target\":[\"https:\\\/\\\/framtidenskarriar.se\\\/itdata\\\/ladda-ner-tidningen-som-pdf\\\/\"]}]},{\"@type\":\"ImageObject\",\"inLanguage\":\"sv-SE\",\"@id\":\"https:\\\/\\\/framtidenskarriar.se\\\/itdata\\\/ladda-ner-tidningen-som-pdf\\\/#primaryimage\",\"url\":\"https:\\\/\\\/framtidenskarriar.se\\\/itdata\\\/wp-content\\\/uploads\\\/sites\\\/13\\\/2016\\\/02\\\/karriar-framsidor-23-02.png\",\"contentUrl\":\"https:\\\/\\\/framtidenskarriar.se\\\/itdata\\\/wp-content\\\/uploads\\\/sites\\\/13\\\/2016\\\/02\\\/karriar-framsidor-23-02.png\",\"width\":620,\"height\":703},{\"@type\":\"BreadcrumbList\",\"@id\":\"https:\\\/\\\/framtidenskarriar.se\\\/itdata\\\/ladda-ner-tidningen-som-pdf\\\/#breadcrumb\",\"itemListElement\":[{\"@type\":\"ListItem\",\"position\":1,\"name\":\"Home\",\"item\":\"https:\\\/\\\/framtidenskarriar.se\\\/itdata\\\/\"},{\"@type\":\"ListItem\",\"position\":2,\"name\":\"Ladda ner tidningen som PDF\"}]},{\"@type\":\"WebSite\",\"@id\":\"https:\\\/\\\/framtidenskarriar.se\\\/itdata\\\/#website\",\"url\":\"https:\\\/\\\/framtidenskarriar.se\\\/itdata\\\/\",\"name\":\"Framtidens karri\u00e4r IT & Data\",\"description\":\"Just another NMDashboard.se Sites site\",\"potentialAction\":[{\"@type\":\"SearchAction\",\"target\":{\"@type\":\"EntryPoint\",\"urlTemplate\":\"https:\\\/\\\/framtidenskarriar.se\\\/itdata\\\/?s={search_term_string}\"},\"query-input\":{\"@type\":\"PropertyValueSpecification\",\"valueRequired\":true,\"valueName\":\"search_term_string\"}}],\"inLanguage\":\"sv-SE\"}]}<\/script>\n<!-- \/ Yoast SEO plugin. -->","yoast_head_json":{"title":"Ladda ner tidningen som PDF - Framtidens karri\u00e4r IT & Data","robots":{"index":"index","follow":"follow","max-snippet":"max-snippet:-1","max-image-preview":"max-image-preview:large","max-video-preview":"max-video-preview:-1"},"canonical":"https:\/\/framtidenskarriar.se\/itdata\/ladda-ner-tidningen-som-pdf\/","og_locale":"sv_SE","og_type":"article","og_title":"Ladda ner tidningen som PDF - Framtidens karri\u00e4r IT & Data","og_description":"H\u00e4r kan ni ladda ner v\u00e5ra tidningar som en PDF-fil. Klicka p\u00e5 l\u00e4nkarna nedan. \u00a0Framtidens...","og_url":"https:\/\/framtidenskarriar.se\/itdata\/ladda-ner-tidningen-som-pdf\/","og_site_name":"Framtidens karri\u00e4r IT & Data","article_modified_time":"2026-02-18T13:21:30+00:00","og_image":[{"width":620,"height":703,"url":"https:\/\/framtidenskarriar.se\/itdata\/wp-content\/uploads\/sites\/13\/2016\/02\/karriar-framsidor-23-02.png","type":"image\/png"}],"twitter_card":"summary_large_image","twitter_misc":{"Ber\u00e4knad l\u00e4stid":"5 minuter"},"schema":{"@context":"https:\/\/schema.org","@graph":[{"@type":"WebPage","@id":"https:\/\/framtidenskarriar.se\/itdata\/ladda-ner-tidningen-som-pdf\/","url":"https:\/\/framtidenskarriar.se\/itdata\/ladda-ner-tidningen-som-pdf\/","name":"Ladda ner tidningen som PDF - Framtidens karri\u00e4r IT & Data","isPartOf":{"@id":"https:\/\/framtidenskarriar.se\/itdata\/#website"},"primaryImageOfPage":{"@id":"https:\/\/framtidenskarriar.se\/itdata\/ladda-ner-tidningen-som-pdf\/#primaryimage"},"image":{"@id":"https:\/\/framtidenskarriar.se\/itdata\/ladda-ner-tidningen-som-pdf\/#primaryimage"},"thumbnailUrl":"https:\/\/framtidenskarriar.se\/itdata\/wp-content\/uploads\/sites\/13\/2026\/02\/karriar-framsidor-2026.png","datePublished":"2012-04-16T17:01:47+00:00","dateModified":"2026-02-18T13:21:30+00:00","breadcrumb":{"@id":"https:\/\/framtidenskarriar.se\/itdata\/ladda-ner-tidningen-som-pdf\/#breadcrumb"},"inLanguage":"sv-SE","potentialAction":[{"@type":"ReadAction","target":["https:\/\/framtidenskarriar.se\/itdata\/ladda-ner-tidningen-som-pdf\/"]}]},{"@type":"ImageObject","inLanguage":"sv-SE","@id":"https:\/\/framtidenskarriar.se\/itdata\/ladda-ner-tidningen-som-pdf\/#primaryimage","url":"https:\/\/framtidenskarriar.se\/itdata\/wp-content\/uploads\/sites\/13\/2016\/02\/karriar-framsidor-23-02.png","contentUrl":"https:\/\/framtidenskarriar.se\/itdata\/wp-content\/uploads\/sites\/13\/2016\/02\/karriar-framsidor-23-02.png","width":620,"height":703},{"@type":"BreadcrumbList","@id":"https:\/\/framtidenskarriar.se\/itdata\/ladda-ner-tidningen-som-pdf\/#breadcrumb","itemListElement":[{"@type":"ListItem","position":1,"name":"Home","item":"https:\/\/framtidenskarriar.se\/itdata\/"},{"@type":"ListItem","position":2,"name":"Ladda ner tidningen som PDF"}]},{"@type":"WebSite","@id":"https:\/\/framtidenskarriar.se\/itdata\/#website","url":"https:\/\/framtidenskarriar.se\/itdata\/","name":"Framtidens karri\u00e4r IT & Data","description":"Just another NMDashboard.se Sites site","potentialAction":[{"@type":"SearchAction","target":{"@type":"EntryPoint","urlTemplate":"https:\/\/framtidenskarriar.se\/itdata\/?s={search_term_string}"},"query-input":{"@type":"PropertyValueSpecification","valueRequired":true,"valueName":"search_term_string"}}],"inLanguage":"sv-SE"}]}},"_links":{"self":[{"href":"https:\/\/framtidenskarriar.se\/itdata\/wp-json\/wp\/v2\/pages\/133","targetHints":{"allow":["GET"]}}],"collection":[{"href":"https:\/\/framtidenskarriar.se\/itdata\/wp-json\/wp\/v2\/pages"}],"about":[{"href":"https:\/\/framtidenskarriar.se\/itdata\/wp-json\/wp\/v2\/types\/page"}],"author":[{"embeddable":true,"href":"https:\/\/framtidenskarriar.se\/itdata\/wp-json\/wp\/v2\/users\/3"}],"replies":[{"embeddable":true,"href":"https:\/\/framtidenskarriar.se\/itdata\/wp-json\/wp\/v2\/comments?post=133"}],"version-history":[{"count":8,"href":"https:\/\/framtidenskarriar.se\/itdata\/wp-json\/wp\/v2\/pages\/133\/revisions"}],"predecessor-version":[{"id":9172,"href":"https:\/\/framtidenskarriar.se\/itdata\/wp-json\/wp\/v2\/pages\/133\/revisions\/9172"}],"wp:attachment":[{"href":"https:\/\/framtidenskarriar.se\/itdata\/wp-json\/wp\/v2\/media?parent=133"}],"curies":[{"name":"wp","href":"https:\/\/api.w.org\/{rel}","templated":true}]}}